{"id":17,"date":"2024-04-28T18:58:19","date_gmt":"2024-04-28T18:58:19","guid":{"rendered":"https:\/\/residenciavirgendelvalle.com\/?page_id=17"},"modified":"2024-05-15T22:20:22","modified_gmt":"2024-05-15T22:20:22","slug":"contacto","status":"publish","type":"page","link":"https:\/\/residenciavirgendelvalle.com\/index.php\/contacto\/","title":{"rendered":"CONTACTO"},"content":{"rendered":"\n<h2 class=\"wp-block-heading\">\u00bfCOMO CONTACTAR CON NOSOTROS?<\/h2>\n\n\n\n<p>Tel\u00e9fono de contacto: 979 89 01 43<\/p>\n\n\n\n<h2 class=\"wp-block-heading\">\u00bfD\u00d3NDE ENCONTRARNOS?<\/h2>\n\n\n\n<p>Calle del Valle, 3<\/p>\n\n\n\n<p>34100 Salda\u00f1a, Palencia<\/p>\n\n\n\n<iframe src=\"https:\/\/www.google.com\/maps\/embed?pb=!1m18!1m12!1m3!1d2939.679308055767!2d-4.73878642441926!3d42.54086657117666!2m3!1f0!2f0!3f0!3m2!1i1024!2i768!4f13.1!3m3!1m2!1s0xd480cafb27839c1%3A0x140be998060a668d!2sResidencia%20Virgen%20Del%20Valle!5e0!3m2!1ses!2ses!4v1715802053214!5m2!1ses!2ses\" width=\"600\" height=\"450\" style=\"border:0;\" allowfullscreen=\"\" loading=\"lazy\" referrerpolicy=\"no-referrer-when-downgrade\"><\/iframe>\n\n\n<style id=\"wpforms-css-vars-root\">\n\t\t\t\t:root {\n\t\t\t\t\t--wpforms-field-border-radius: 3px;\n--wpforms-field-border-style: solid;\n--wpforms-field-border-size: 1px;\n--wpforms-field-background-color: #ffffff;\n--wpforms-field-border-color: rgba( 0, 0, 0, 0.25 );\n--wpforms-field-border-color-spare: rgba( 0, 0, 0, 0.25 );\n--wpforms-field-text-color: rgba( 0, 0, 0, 0.7 );\n--wpforms-field-menu-color: #ffffff;\n--wpforms-label-color: rgba( 0, 0, 0, 0.85 );\n--wpforms-label-sublabel-color: rgba( 0, 0, 0, 0.55 );\n--wpforms-label-error-color: #d63637;\n--wpforms-button-border-radius: 3px;\n--wpforms-button-border-style: none;\n--wpforms-button-border-size: 1px;\n--wpforms-button-background-color: #066aab;\n--wpforms-button-border-color: #066aab;\n--wpforms-button-text-color: #ffffff;\n--wpforms-page-break-color: #066aab;\n--wpforms-background-image: none;\n--wpforms-background-position: center center;\n--wpforms-background-repeat: no-repeat;\n--wpforms-background-size: cover;\n--wpforms-background-width: 100px;\n--wpforms-background-height: 100px;\n--wpforms-background-color: rgba( 0, 0, 0, 0 );\n--wpforms-background-url: none;\n--wpforms-container-padding: 0px;\n--wpforms-container-border-style: none;\n--wpforms-container-border-width: 1px;\n--wpforms-container-border-color: #000000;\n--wpforms-container-border-radius: 3px;\n--wpforms-field-size-input-height: 43px;\n--wpforms-field-size-input-spacing: 15px;\n--wpforms-field-size-font-size: 16px;\n--wpforms-field-size-line-height: 19px;\n--wpforms-field-size-padding-h: 14px;\n--wpforms-field-size-checkbox-size: 16px;\n--wpforms-field-size-sublabel-spacing: 5px;\n--wpforms-field-size-icon-size: 1;\n--wpforms-label-size-font-size: 16px;\n--wpforms-label-size-line-height: 19px;\n--wpforms-label-size-sublabel-font-size: 14px;\n--wpforms-label-size-sublabel-line-height: 17px;\n--wpforms-button-size-font-size: 17px;\n--wpforms-button-size-height: 41px;\n--wpforms-button-size-padding-h: 15px;\n--wpforms-button-size-margin-top: 10px;\n--wpforms-container-shadow-size-box-shadow: none;\n\n\t\t\t\t}\n\t\t\t<\/style><div class=\"wpforms-container wpforms-container-full wpforms-block wpforms-block-a34a0443-8692-44fd-92bf-5de37fa77511 wpforms-render-modern\" id=\"wpforms-97\"><form id=\"wpforms-form-97\" class=\"wpforms-validate wpforms-form wpforms-ajax-form\" data-formid=\"97\" method=\"post\" enctype=\"multipart\/form-data\" action=\"\/index.php\/wp-json\/wp\/v2\/pages\/17\" data-token=\"b1e7d56e62f78467faba12989fff84a4\" data-token-time=\"1778437893\"><noscript class=\"wpforms-error-noscript\">Por favor, activa JavaScript en tu navegador para completar este formulario.<\/noscript><div class=\"wpforms-hidden\" id=\"wpforms-error-noscript\">Por favor, activa JavaScript en tu navegador para completar este formulario.<\/div><div class=\"wpforms-field-container\"><div id=\"wpforms-97-field_0-container\" class=\"wpforms-field wpforms-field-name\" data-field-id=\"0\"><fieldset><legend class=\"wpforms-field-label\">Nombre <span class=\"wpforms-required-label\" aria-hidden=\"true\">*<\/span><\/legend><div class=\"wpforms-field-row wpforms-field-medium\"><div class=\"wpforms-field-row-block wpforms-first wpforms-one-half\"><input type=\"text\" id=\"wpforms-97-field_0\" class=\"wpforms-field-name-first wpforms-field-required\" name=\"wpforms[fields][0][first]\" aria-errormessage=\"wpforms-97-field_0-error\" required><label for=\"wpforms-97-field_0\" class=\"wpforms-field-sublabel after \">Nombre<\/label><\/div><div class=\"wpforms-field-row-block wpforms-one-half\"><input type=\"text\" id=\"wpforms-97-field_0-last\" class=\"wpforms-field-name-last wpforms-field-required\" name=\"wpforms[fields][0][last]\" aria-errormessage=\"wpforms-97-field_0-last-error\" required><label for=\"wpforms-97-field_0-last\" class=\"wpforms-field-sublabel after \">Apellidos<\/label><\/div><\/div><\/fieldset><\/div><div id=\"wpforms-97-field_1-container\" class=\"wpforms-field wpforms-field-email\" data-field-id=\"1\"><label class=\"wpforms-field-label\" for=\"wpforms-97-field_1\">Correo electr\u00f3nico <span class=\"wpforms-required-label\" aria-hidden=\"true\">*<\/span><\/label><input type=\"email\" id=\"wpforms-97-field_1\" class=\"wpforms-field-medium wpforms-field-required\" name=\"wpforms[fields][1]\" spellcheck=\"false\" aria-errormessage=\"wpforms-97-field_1-error\" required><\/div><div id=\"wpforms-97-field_2-container\" class=\"wpforms-field wpforms-field-textarea\" data-field-id=\"2\"><label class=\"wpforms-field-label\" for=\"wpforms-97-field_2\">Comentario o mensaje<\/label><textarea id=\"wpforms-97-field_2\" class=\"wpforms-field-medium\" name=\"wpforms[fields][2]\" aria-errormessage=\"wpforms-97-field_2-error\" ><\/textarea><\/div><\/div><!-- .wpforms-field-container --><div class=\"wpforms-submit-container\" ><input type=\"hidden\" name=\"wpforms[id]\" value=\"97\"><input type=\"hidden\" name=\"page_title\" value=\"\"><input type=\"hidden\" name=\"page_url\" value=\"https:\/\/residenciavirgendelvalle.com\/index.php\/wp-json\/wp\/v2\/pages\/17\"><button type=\"submit\" name=\"wpforms[submit]\" id=\"wpforms-submit-97\" class=\"wpforms-submit\" data-alt-text=\"Enviando...\" data-submit-text=\"Enviar\" aria-live=\"assertive\" value=\"wpforms-submit\">Enviar<\/button><img loading=\"lazy\" decoding=\"async\" src=\"https:\/\/residenciavirgendelvalle.com\/wp-content\/plugins\/wpforms-lite\/assets\/images\/submit-spin.svg\" class=\"wpforms-submit-spinner\" style=\"display: none;\" width=\"26\" height=\"26\" alt=\"Cargando\"><\/div><\/form><\/div>  <!-- .wpforms-container -->\n\n<pre class=\"ti-widget\"><div class=\"ti-widget ti-goog\" data-no-translation=\"true\" data-layout-id=\"4\" data-set-id=\"light-background\" data-pid=\"\" data-pager-autoplay-timeout=\"6\" data-review-target-width=\"300\" data-language=\"es\" > <div class=\"ti-widget-container ti-col-3\"> <div class=\"ti-reviews-container\"> <div class=\"ti-controls\"> <div class=\"ti-next\"><\/div> <div class=\"ti-prev\"><\/div> <\/div> <div class=\"ti-reviews-container-wrapper\">  <div data-empty=\"0\" class=\"ti-review-item source-Google\" > <div class=\"ti-inner\"> <div class=\"ti-review-header\"> <div class=\"ti-profile-img\"> <img decoding=\"async\" src=\"https:\/\/lh3.googleusercontent.com\/a-\/ALV-UjUkcjFG80SLS27GP0FHT2yhQpWyw9FjSAHDOmGEvgmkhy2kNjTu=s120-c-rp-mo-br100\" alt=\"Laura\" \/> <\/div> <div class=\"ti-profile-details\"> <div class=\"ti-name\"> Laura <\/div> <div class=\"ti-date\">16 Febrero 2024<\/div> <\/div> <\/div> <span class=\"ti-stars\"><span class=\"ti-star f\"><\/span><span class=\"ti-star f\"><\/span><span class=\"ti-star f\"><\/span><span class=\"ti-star f\"><\/span><span class=\"ti-star f\"><\/span><\/span> <div class=\"ti-review-text-container ti-review-content\"><!-- R-CONTENT -->Residencia familiar donde se estimula a los residentes a diario con actividades adecuadas a sus capacidades, no hay festividad o celebracion que se les escape, todo para hacer sentir al residente c\u00f3modo y que su dia a dia sea menos mon\u00f3tono. Mi madre estuvo all\u00ed casi 5 a\u00f1os y yo la vi integrada y contenta. Le ayudaron mucho a su llegada sobre todo y super\u00f3 sus problemas de salud gracias a las atenciones de todo un equipo, porque as\u00ed debe de ser todos a una.. Pero como todo tiene un final mi madre ha fallecido y desde aqu\u00ed quiero agradecerles su labor.\nGracias REVIVA.<!-- R-CONTENT --><\/div> <span class=\"ti-read-more\" data-container=\".ti-review-content\" data-collapse-text=\"Ocultar\" data-open-text=\"Leer m\u00e1s\" ><\/span> <\/div> <\/div>  <div data-empty=\"0\" class=\"ti-review-item source-Google\" > <div class=\"ti-inner\"> <div class=\"ti-review-header\"> <div class=\"ti-profile-img\"> <img decoding=\"async\" src=\"https:\/\/lh3.googleusercontent.com\/a\/ACg8ocI-iYgUmxgmYyFCcKdzrNkmNLG84zETciV-2pbbDdllUUHccw=s120-c-rp-mo-br100\" alt=\"HM martin\" \/> <\/div> <div class=\"ti-profile-details\"> <div class=\"ti-name\"> HM martin <\/div> <div class=\"ti-date\">2 Febrero 2023<\/div> <\/div> <\/div> <span class=\"ti-stars\"><span class=\"ti-star f\"><\/span><span class=\"ti-star f\"><\/span><span class=\"ti-star f\"><\/span><span class=\"ti-star f\"><\/span><span class=\"ti-star f\"><\/span><\/span> <div class=\"ti-review-text-container ti-review-content\"><!-- R-CONTENT -->Muy buen trato y cari\u00f1osos, hacen actividades para entretenerles y est\u00e1n muy buen cuidados los abuelos. Recomendable 100%<!-- R-CONTENT --><\/div> <span class=\"ti-read-more\" data-container=\".ti-review-content\" data-collapse-text=\"Ocultar\" data-open-text=\"Leer m\u00e1s\" ><\/span> <\/div> <\/div>  <div data-empty=\"0\" class=\"ti-review-item source-Google\" > <div class=\"ti-inner\"> <div class=\"ti-review-header\"> <div class=\"ti-profile-img\"> <img decoding=\"async\" src=\"https:\/\/lh3.googleusercontent.com\/a-\/ALV-UjVK_X17NHJaMw1dRPaYHELwEZyIewKEAnhCJsW85CTG9K9ezPKzOg=s120-c-rp-mo-ba6-br100\" alt=\"Jarrisonford\" \/> <\/div> <div class=\"ti-profile-details\"> <div class=\"ti-name\"> Jarrisonford <\/div> <div class=\"ti-date\">2 Octubre 2019<\/div> <\/div> <\/div> <span class=\"ti-stars\"><span class=\"ti-star f\"><\/span><span class=\"ti-star f\"><\/span><span class=\"ti-star f\"><\/span><span class=\"ti-star f\"><\/span><span class=\"ti-star e\"><\/span><\/span> <div class=\"ti-review-text-container ti-review-content\"><!-- R-CONTENT -->A las afueras de Salda\u00f1a,al lado de la ermita de la Virgen del Valle,buena atencion<!-- R-CONTENT --><\/div> <span class=\"ti-read-more\" data-container=\".ti-review-content\" data-collapse-text=\"Ocultar\" data-open-text=\"Leer m\u00e1s\" ><\/span> <\/div> <\/div>  <div data-empty=\"0\" class=\"ti-review-item source-Google\" > <div class=\"ti-inner\"> <div class=\"ti-review-header\"> <div class=\"ti-profile-img\"> <img decoding=\"async\" src=\"https:\/\/lh3.googleusercontent.com\/a-\/ALV-UjUTZCIgUN2xj_2rSEaN9lYOPSav6XJYDT1ahW1YkAikHyTE-J9k=s120-c-rp-mo-ba5-br100\" alt=\"Elena Araro\" \/> <\/div> <div class=\"ti-profile-details\"> <div class=\"ti-name\"> Elena Araro <\/div> <div class=\"ti-date\">25 Agosto 2019<\/div> <\/div> <\/div> <span class=\"ti-stars\"><span class=\"ti-star f\"><\/span><span class=\"ti-star f\"><\/span><span class=\"ti-star f\"><\/span><span class=\"ti-star f\"><\/span><span class=\"ti-star f\"><\/span><\/span> <div class=\"ti-review-text-container ti-review-content\"><!-- R-CONTENT -->Es una residencia perfecta,con jardines para pasear,mesas y sillas bajo una carpa para poder disfrutar de los d\u00edas sin estar encerrados en una sala de visitas,cuentan con una peque\u00f1a cafeter\u00eda,una capilla para poder rezar e incluso asistir a misa cuando va el cura.tambi\u00e9n tienen peluquera.\nTratan a mimo a cada abuelito con comida personalizada para quien lo necesite,tienen juegos para entretenerse,para pintar o incluso juegan a las cartas.\nLas habitaciones amplias con armarios y ba\u00f1o grande.e incluso disponen de unos peque\u00f1os apartamentos para aquellas parejas atrevidas que quieran seguir viviendo juntos pero con alguien pendiente de ellos.\nEl trato es magn\u00edfico no tengo queja sin duda muy recomendable.\nAdem\u00e1s se preocupan por hacer mejoras en el edificio.<!-- R-CONTENT --><\/div> <span class=\"ti-read-more\" data-container=\".ti-review-content\" data-collapse-text=\"Ocultar\" data-open-text=\"Leer m\u00e1s\" ><\/span> <\/div> <\/div>  <div data-empty=\"0\" class=\"ti-review-item source-Google\" > <div class=\"ti-inner\"> <div class=\"ti-review-header\"> <div class=\"ti-profile-img\"> <img decoding=\"async\" src=\"https:\/\/lh3.googleusercontent.com\/a\/ACg8ocJEl4-EOfStWAY-vZ31lIcpirRsGulnUjK_7zVhmM1eojGUTQ=s120-c-rp-mo-br100\" alt=\"KATIA ORTEGA FERNANDEZ\" \/> <\/div> <div class=\"ti-profile-details\"> <div class=\"ti-name\"> KATIA ORTEGA FERNANDEZ <\/div> <div class=\"ti-date\">18 Diciembre 2018<\/div> <\/div> <\/div> <span class=\"ti-stars\"><span class=\"ti-star f\"><\/span><span class=\"ti-star f\"><\/span><span class=\"ti-star f\"><\/span><span class=\"ti-star f\"><\/span><span class=\"ti-star f\"><\/span><\/span> <div class=\"ti-review-text-container ti-review-content\"><!-- R-CONTENT -->Hace unos meses llev\u00e9 a mi t\u00edo con Alzheimer  y la verdad es que su car\u00e1cter ha cambiado a mejor. Al principio le cost\u00f3 adaptarse, pero ahora est\u00e1  mucho m\u00e1s integrado gracias a la terap\u00e9utica y a todo el equipo muy profesional, agradable y con un trato muy  humano y familiar. Gracias de coraz\u00f3n,  estamos encantadas.<!-- R-CONTENT --><\/div> <span class=\"ti-read-more\" data-container=\".ti-review-content\" data-collapse-text=\"Ocultar\" data-open-text=\"Leer m\u00e1s\" ><\/span> <\/div> <\/div>  <div data-empty=\"0\" class=\"ti-review-item source-Google\" > <div class=\"ti-inner\"> <div class=\"ti-review-header\"> <div class=\"ti-profile-img\"> <img decoding=\"async\" src=\"https:\/\/lh3.googleusercontent.com\/a-\/ALV-UjVBb6w6fiVTCFxK03WESbWeUxMNhMhWwODR7oMr-Jcr3uEXu_97=s120-c-rp-mo-br100\" alt=\"Pablo Ordo\u00f1ez\" \/> <\/div> <div class=\"ti-profile-details\"> <div class=\"ti-name\"> Pablo Ordo\u00f1ez <\/div> <div class=\"ti-date\">18 Diciembre 2018<\/div> <\/div> <\/div> <span class=\"ti-stars\"><span class=\"ti-star f\"><\/span><span class=\"ti-star f\"><\/span><span class=\"ti-star f\"><\/span><span class=\"ti-star f\"><\/span><span class=\"ti-star f\"><\/span><\/span> <div class=\"ti-review-text-container ti-review-content\"><!-- R-CONTENT -->Mi Abuelo lleva ya 2 a\u00f1os en esta residencia y estamos encantados, le preparan comida casera y variada. Los due\u00f1os est\u00e1n siempre presentes en la residencia.<!-- R-CONTENT --><\/div> <span class=\"ti-read-more\" data-container=\".ti-review-content\" data-collapse-text=\"Ocultar\" data-open-text=\"Leer m\u00e1s\" ><\/span> <\/div> <\/div>  <\/div> <div class=\"ti-controls-line\"> <div class=\"dot\"><\/div> <\/div> <\/div> <div class=\"ti-footer\"> <div class=\"ti-rating-text\"> <span class=\"nowrap\">La evaluaci\u00f3n general en <strong>Google<\/strong> es <\/span><span class=\"nowrap\"><strong>4.5<\/strong> de 5, <\/span><span class=\"nowrap\">en base a <strong>13 rese\u00f1as<\/strong><\/span> <\/div> <\/div>  <\/div> <\/div> <\/pre>","protected":false},"excerpt":{"rendered":"<p>\u00bfCOMO CONTACTAR CON NOSOTROS? Tel\u00e9fono de contacto: 979 89 01 43 \u00bfD\u00d3NDE ENCONTRARNOS? Calle del Valle, 3 34100 Salda\u00f1a, Palencia<\/p>\n","protected":false},"author":1,"featured_media":0,"parent":0,"menu_order":0,"comment_status":"closed","ping_status":"closed","template":"","meta":{"footnotes":""},"_links":{"self":[{"href":"https:\/\/residenciavirgendelvalle.com\/index.php\/wp-json\/wp\/v2\/pages\/17"}],"collection":[{"href":"https:\/\/residenciavirgendelvalle.com\/index.php\/wp-json\/wp\/v2\/pages"}],"about":[{"href":"https:\/\/residenciavirgendelvalle.com\/index.php\/wp-json\/wp\/v2\/types\/page"}],"author":[{"embeddable":true,"href":"https:\/\/residenciavirgendelvalle.com\/index.php\/wp-json\/wp\/v2\/users\/1"}],"replies":[{"embeddable":true,"href":"https:\/\/residenciavirgendelvalle.com\/index.php\/wp-json\/wp\/v2\/comments?post=17"}],"version-history":[{"count":6,"href":"https:\/\/residenciavirgendelvalle.com\/index.php\/wp-json\/wp\/v2\/pages\/17\/revisions"}],"predecessor-version":[{"id":104,"href":"https:\/\/residenciavirgendelvalle.com\/index.php\/wp-json\/wp\/v2\/pages\/17\/revisions\/104"}],"wp:attachment":[{"href":"https:\/\/residenciavirgendelvalle.com\/index.php\/wp-json\/wp\/v2\/media?parent=17"}],"curies":[{"name":"wp","href":"https:\/\/api.w.org\/{rel}","templated":true}]}}