{"id":13,"date":"2024-04-28T18:57:40","date_gmt":"2024-04-28T18:57:40","guid":{"rendered":"https:\/\/residenciavirgendelvalle.com\/?page_id=13"},"modified":"2024-05-16T08:48:49","modified_gmt":"2024-05-16T08:48:49","slug":"instalaciones","status":"publish","type":"page","link":"https:\/\/residenciavirgendelvalle.com\/index.php\/instalaciones\/","title":{"rendered":"INSTALACIONES"},"content":{"rendered":"\n<p class=\"has-large-font-size\"><strong>30.000 m2 a su servicio.<\/strong><\/p>\n\n\n\n<p><br>Nuestras instalaciones son muy amplias. Disponemos de m\u00e1s de 30.000 metros cuadrados para el disfrute de los usuarios de la Residencia, repartidas en zonas de estar, habitaciones, comedor, cafeter\u00eda, salones, lavander\u00eda, gimnasio y unas ampl\u00edsimas zonas verdes debidamente acotadas para la seguridad de los residentes.<\/p>\n\n\n\n<p>Adem\u00e1s, las instalaciones est\u00e1n exentas de barreras arquitect\u00f3nicas que dificulten el acceso de los residentes.<\/p>\n\n\n\n<p class=\"has-large-font-size\"><strong>Habitaciones confortables, para sentirse como en casa.<\/strong><\/p>\n\n\n\n<p class=\"has-normal-font-size\">Las habitaciones son amplias y muy confortables. Las hay individuales y dobles para compartir, dependiendo de las necesidades o gustos del residente.\u00a0Est\u00e1n dotadas de todo lo necesario para que se sientan como en casa.<br><\/p>\n\n\n\n<p class=\"has-large-font-size\"><strong>Una Residencia muy bien pensada y construida<\/strong><\/p>\n","protected":false},"excerpt":{"rendered":"<p>30.000 m2 a su servicio. Nuestras instalaciones son muy amplias. Disponemos de m\u00e1s de 30.000 metros cuadrados para el disfrute de los usuarios de la &hellip;<\/p>\n","protected":false},"author":1,"featured_media":0,"parent":0,"menu_order":0,"comment_status":"closed","ping_status":"closed","template":"","meta":{"footnotes":""},"_links":{"self":[{"href":"https:\/\/residenciavirgendelvalle.com\/index.php\/wp-json\/wp\/v2\/pages\/13"}],"collection":[{"href":"https:\/\/residenciavirgendelvalle.com\/index.php\/wp-json\/wp\/v2\/pages"}],"about":[{"href":"https:\/\/residenciavirgendelvalle.com\/index.php\/wp-json\/wp\/v2\/types\/page"}],"author":[{"embeddable":true,"href":"https:\/\/residenciavirgendelvalle.com\/index.php\/wp-json\/wp\/v2\/users\/1"}],"replies":[{"embeddable":true,"href":"https:\/\/residenciavirgendelvalle.com\/index.php\/wp-json\/wp\/v2\/comments?post=13"}],"version-history":[{"count":3,"href":"https:\/\/residenciavirgendelvalle.com\/index.php\/wp-json\/wp\/v2\/pages\/13\/revisions"}],"predecessor-version":[{"id":107,"href":"https:\/\/residenciavirgendelvalle.com\/index.php\/wp-json\/wp\/v2\/pages\/13\/revisions\/107"}],"wp:attachment":[{"href":"https:\/\/residenciavirgendelvalle.com\/index.php\/wp-json\/wp\/v2\/media?parent=13"}],"curies":[{"name":"wp","href":"https:\/\/api.w.org\/{rel}","templated":true}]}}