{"id":11,"date":"2024-04-28T18:57:22","date_gmt":"2024-04-28T18:57:22","guid":{"rendered":"https:\/\/residenciavirgendelvalle.com\/?page_id=11"},"modified":"2024-05-15T10:51:40","modified_gmt":"2024-05-15T10:51:40","slug":"servicios","status":"publish","type":"page","link":"https:\/\/residenciavirgendelvalle.com\/index.php\/servicios\/","title":{"rendered":"SERVICIOS"},"content":{"rendered":"\n<p class=\"has-large-font-size\"><strong>La diferencia est\u00e1 en los servicios que prestamos.<\/strong><\/p>\n\n\n\n<p>Somos un Centro Residencial que nos diferenciamos del resto, sobre todo en los servicios que ofrecemos a nuestros usuarios. Adem\u00e1s de contar con todas las exigencias que marca la Junta de Castilla y Le\u00f3n en materia de centros geri\u00e1tricos, nuestro centro ofrece a mayores una serie de servicios que suponen un plus muy a tener en cuenta para el bienestar y atenci\u00f3n de los residentes.<\/p>\n\n\n\n<p>Entre estos a\u00f1adidos contamos&nbsp;con:<\/p>\n\n\n\n<ul>\n<li>Talleres y actividades ocupacionales 12 h. al d\u00eda.<\/li>\n\n\n\n<li>Servicio de Enfermer\u00eda 8 h. al d\u00eda al servicio de los usuarios.<\/li>\n\n\n\n<li>Espacios independientes para v\u00e1lidos y asistidos.<\/li>\n\n\n\n<li>30.000 metros cuadrados de instalaciones y espacios verdes convenientemente acotados.<\/li>\n\n\n\n<li>Huerto y talleres de horticultura.<\/li>\n\n\n\n<li>Servicio de cafeter\u00eda para las visitas y residentes.<\/li>\n<\/ul>\n\n\n\n<figure class=\"wp-block-image size-large\"><img loading=\"lazy\" decoding=\"async\" width=\"1024\" height=\"768\" src=\"https:\/\/residenciavirgendelvalle.com\/wp-content\/uploads\/2024\/05\/SANDRA-1024x768.jpg\" alt=\"\" class=\"wp-image-86\" srcset=\"https:\/\/residenciavirgendelvalle.com\/wp-content\/uploads\/2024\/05\/SANDRA-1024x768.jpg 1024w, https:\/\/residenciavirgendelvalle.com\/wp-content\/uploads\/2024\/05\/SANDRA-300x225.jpg 300w, https:\/\/residenciavirgendelvalle.com\/wp-content\/uploads\/2024\/05\/SANDRA-768x576.jpg 768w, https:\/\/residenciavirgendelvalle.com\/wp-content\/uploads\/2024\/05\/SANDRA-1536x1152.jpg 1536w, https:\/\/residenciavirgendelvalle.com\/wp-content\/uploads\/2024\/05\/SANDRA-2048x1536.jpg 2048w, https:\/\/residenciavirgendelvalle.com\/wp-content\/uploads\/2024\/05\/SANDRA-400x300.jpg 400w\" sizes=\"(max-width: 1024px) 100vw, 1024px\" \/><\/figure>\n\n\n\n<p>Mejoramos el d\u00eda a d\u00eda de nuestros usuarios con los talleres ocupacionales.<\/p>\n\n\n\n<figure class=\"wp-block-gallery has-nested-images columns-default is-cropped wp-block-gallery-1 is-layout-flex wp-block-gallery-is-layout-flex\">\n<figure class=\"wp-block-image size-large\"><img loading=\"lazy\" decoding=\"async\" width=\"771\" height=\"581\" data-id=\"66\" src=\"https:\/\/residenciavirgendelvalle.com\/wp-content\/uploads\/2024\/05\/19E011DA-FDC9-4C2D-B9E7-76470830DE5F-2.jpg\" alt=\"\" class=\"wp-image-66\" srcset=\"https:\/\/residenciavirgendelvalle.com\/wp-content\/uploads\/2024\/05\/19E011DA-FDC9-4C2D-B9E7-76470830DE5F-2.jpg 771w, https:\/\/residenciavirgendelvalle.com\/wp-content\/uploads\/2024\/05\/19E011DA-FDC9-4C2D-B9E7-76470830DE5F-2-300x226.jpg 300w, https:\/\/residenciavirgendelvalle.com\/wp-content\/uploads\/2024\/05\/19E011DA-FDC9-4C2D-B9E7-76470830DE5F-2-768x579.jpg 768w, https:\/\/residenciavirgendelvalle.com\/wp-content\/uploads\/2024\/05\/19E011DA-FDC9-4C2D-B9E7-76470830DE5F-2-398x300.jpg 398w\" sizes=\"(max-width: 771px) 100vw, 771px\" \/><\/figure>\n\n\n\n<figure class=\"wp-block-image size-large\"><img loading=\"lazy\" decoding=\"async\" width=\"768\" height=\"1024\" data-id=\"68\" src=\"https:\/\/residenciavirgendelvalle.com\/wp-content\/uploads\/2024\/05\/20230418_125724-1-768x1024.jpg\" alt=\"\" class=\"wp-image-68\" srcset=\"https:\/\/residenciavirgendelvalle.com\/wp-content\/uploads\/2024\/05\/20230418_125724-1-768x1024.jpg 768w, https:\/\/residenciavirgendelvalle.com\/wp-content\/uploads\/2024\/05\/20230418_125724-1-225x300.jpg 225w, https:\/\/residenciavirgendelvalle.com\/wp-content\/uploads\/2024\/05\/20230418_125724-1-1152x1536.jpg 1152w, https:\/\/residenciavirgendelvalle.com\/wp-content\/uploads\/2024\/05\/20230418_125724-1-1536x2048.jpg 1536w, https:\/\/residenciavirgendelvalle.com\/wp-content\/uploads\/2024\/05\/20230418_125724-1-scaled.jpg 1920w\" sizes=\"(max-width: 768px) 100vw, 768px\" \/><\/figure>\n\n\n\n<figure class=\"wp-block-image size-large\"><img loading=\"lazy\" decoding=\"async\" width=\"768\" height=\"1024\" data-id=\"72\" src=\"https:\/\/residenciavirgendelvalle.com\/wp-content\/uploads\/2024\/05\/20230531_114829-1-768x1024.jpg\" alt=\"\" class=\"wp-image-72\" srcset=\"https:\/\/residenciavirgendelvalle.com\/wp-content\/uploads\/2024\/05\/20230531_114829-1-768x1024.jpg 768w, https:\/\/residenciavirgendelvalle.com\/wp-content\/uploads\/2024\/05\/20230531_114829-1-225x300.jpg 225w, https:\/\/residenciavirgendelvalle.com\/wp-content\/uploads\/2024\/05\/20230531_114829-1-1152x1536.jpg 1152w, https:\/\/residenciavirgendelvalle.com\/wp-content\/uploads\/2024\/05\/20230531_114829-1-1536x2048.jpg 1536w, https:\/\/residenciavirgendelvalle.com\/wp-content\/uploads\/2024\/05\/20230531_114829-1-scaled.jpg 1920w\" sizes=\"(max-width: 768px) 100vw, 768px\" \/><\/figure>\n\n\n\n<figure class=\"wp-block-image size-large\"><img loading=\"lazy\" decoding=\"async\" width=\"1024\" height=\"768\" data-id=\"71\" src=\"https:\/\/residenciavirgendelvalle.com\/wp-content\/uploads\/2024\/05\/20230615_123828-1-1024x768.jpg\" alt=\"\" class=\"wp-image-71\" srcset=\"https:\/\/residenciavirgendelvalle.com\/wp-content\/uploads\/2024\/05\/20230615_123828-1-1024x768.jpg 1024w, https:\/\/residenciavirgendelvalle.com\/wp-content\/uploads\/2024\/05\/20230615_123828-1-300x225.jpg 300w, https:\/\/residenciavirgendelvalle.com\/wp-content\/uploads\/2024\/05\/20230615_123828-1-768x576.jpg 768w, https:\/\/residenciavirgendelvalle.com\/wp-content\/uploads\/2024\/05\/20230615_123828-1-1536x1152.jpg 1536w, https:\/\/residenciavirgendelvalle.com\/wp-content\/uploads\/2024\/05\/20230615_123828-1-2048x1536.jpg 2048w, https:\/\/residenciavirgendelvalle.com\/wp-content\/uploads\/2024\/05\/20230615_123828-1-400x300.jpg 400w\" sizes=\"(max-width: 1024px) 100vw, 1024px\" \/><\/figure>\n\n\n\n<figure class=\"wp-block-image size-large\"><img loading=\"lazy\" decoding=\"async\" width=\"768\" height=\"1024\" data-id=\"74\" src=\"https:\/\/residenciavirgendelvalle.com\/wp-content\/uploads\/2024\/05\/20230704_123143-2-768x1024.jpg\" alt=\"\" class=\"wp-image-74\" srcset=\"https:\/\/residenciavirgendelvalle.com\/wp-content\/uploads\/2024\/05\/20230704_123143-2-768x1024.jpg 768w, https:\/\/residenciavirgendelvalle.com\/wp-content\/uploads\/2024\/05\/20230704_123143-2-225x300.jpg 225w, https:\/\/residenciavirgendelvalle.com\/wp-content\/uploads\/2024\/05\/20230704_123143-2-1152x1536.jpg 1152w, https:\/\/residenciavirgendelvalle.com\/wp-content\/uploads\/2024\/05\/20230704_123143-2-1536x2048.jpg 1536w, https:\/\/residenciavirgendelvalle.com\/wp-content\/uploads\/2024\/05\/20230704_123143-2-scaled.jpg 1920w\" sizes=\"(max-width: 768px) 100vw, 768px\" \/><\/figure>\n\n\n\n<figure class=\"wp-block-image size-large\"><img loading=\"lazy\" decoding=\"async\" width=\"768\" height=\"1024\" data-id=\"70\" src=\"https:\/\/residenciavirgendelvalle.com\/wp-content\/uploads\/2024\/05\/IMG_3818-1-768x1024.jpg\" alt=\"\" class=\"wp-image-70\" srcset=\"https:\/\/residenciavirgendelvalle.com\/wp-content\/uploads\/2024\/05\/IMG_3818-1-768x1024.jpg 768w, https:\/\/residenciavirgendelvalle.com\/wp-content\/uploads\/2024\/05\/IMG_3818-1-225x300.jpg 225w, https:\/\/residenciavirgendelvalle.com\/wp-content\/uploads\/2024\/05\/IMG_3818-1-1152x1536.jpg 1152w, https:\/\/residenciavirgendelvalle.com\/wp-content\/uploads\/2024\/05\/IMG_3818-1-1536x2048.jpg 1536w, https:\/\/residenciavirgendelvalle.com\/wp-content\/uploads\/2024\/05\/IMG_3818-1-scaled.jpg 1920w\" sizes=\"(max-width: 768px) 100vw, 768px\" \/><\/figure>\n<\/figure>\n\n\n\n<p class=\"has-large-font-size\"><strong>Nuestros t\u00e9cnicos les ayudan a superarse.<\/strong><\/p>\n\n\n\n<p>A diferencia de la mayor\u00eda de los centros geri\u00e1tricos, los talleres ocupacionales no s\u00f3lo desempe\u00f1an una labor de entretenimiento para los residentes con las t\u00edpicas actividades recreativas.<\/p>\n\n\n\n<p>En la&nbsp;<strong>Residencia Virgen del Valle<\/strong>&nbsp;nos hemos propuesto conseguir que nuestros t\u00e9cnicos ayuden a superar cada d\u00eda a los usuarios. De este modo, la actividad ocupacional comienza cuando se levantan, logrando, si es posible, que el residente sea capaz de vestirse por s\u00ed mismo, ayudando en todo lo necesario para que lo logre. Si ello no fuera posible, para eso est\u00e1n las auxiliares, que vestir\u00e1n y asear\u00e1n a los que no sean capaces de hacerlo por s\u00ed mismos.<\/p>\n\n\n\n<p>Lo mismo ocurre con los desayunos, comidas o cenas. Todo ello con el objetivo de que&nbsp;<strong>recuperen, si es posible, las actividades b\u00e1sicas de la vida diaria que han ido perdiendo paulatinamente.<\/strong><\/p>\n\n\n\n<p><strong>Adem\u00e1s disponemos de servicios de:<\/strong><\/p>\n\n\n\n<ul>\n<li><strong>Podolog\u00eda.<\/strong><\/li>\n\n\n\n<li><strong>Gimnasia.<\/strong><\/li>\n\n\n\n<li><strong>Peluquer\u00eda.<\/strong><\/li>\n\n\n\n<li><strong>Servicios Religiosos.<\/strong><\/li>\n<\/ul>\n\n\n\n<figure class=\"wp-block-image size-large\"><img loading=\"lazy\" decoding=\"async\" width=\"1024\" height=\"768\" src=\"https:\/\/residenciavirgendelvalle.com\/wp-content\/uploads\/2024\/05\/pelu-1024x768.jpg\" alt=\"\" class=\"wp-image-78\" srcset=\"https:\/\/residenciavirgendelvalle.com\/wp-content\/uploads\/2024\/05\/pelu-1024x768.jpg 1024w, https:\/\/residenciavirgendelvalle.com\/wp-content\/uploads\/2024\/05\/pelu-300x225.jpg 300w, https:\/\/residenciavirgendelvalle.com\/wp-content\/uploads\/2024\/05\/pelu-768x576.jpg 768w, https:\/\/residenciavirgendelvalle.com\/wp-content\/uploads\/2024\/05\/pelu-1536x1152.jpg 1536w, https:\/\/residenciavirgendelvalle.com\/wp-content\/uploads\/2024\/05\/pelu-2048x1536.jpg 2048w, https:\/\/residenciavirgendelvalle.com\/wp-content\/uploads\/2024\/05\/pelu-400x300.jpg 400w\" sizes=\"(max-width: 1024px) 100vw, 1024px\" \/><\/figure>\n","protected":false},"excerpt":{"rendered":"<p>La diferencia est\u00e1 en los servicios que prestamos. Somos un Centro Residencial que nos diferenciamos del resto, sobre todo en los servicios que ofrecemos a &hellip;<\/p>\n","protected":false},"author":1,"featured_media":0,"parent":0,"menu_order":0,"comment_status":"closed","ping_status":"closed","template":"","meta":{"footnotes":""},"_links":{"self":[{"href":"https:\/\/residenciavirgendelvalle.com\/index.php\/wp-json\/wp\/v2\/pages\/11"}],"collection":[{"href":"https:\/\/residenciavirgendelvalle.com\/index.php\/wp-json\/wp\/v2\/pages"}],"about":[{"href":"https:\/\/residenciavirgendelvalle.com\/index.php\/wp-json\/wp\/v2\/types\/page"}],"author":[{"embeddable":true,"href":"https:\/\/residenciavirgendelvalle.com\/index.php\/wp-json\/wp\/v2\/users\/1"}],"replies":[{"embeddable":true,"href":"https:\/\/residenciavirgendelvalle.com\/index.php\/wp-json\/wp\/v2\/comments?post=11"}],"version-history":[{"count":6,"href":"https:\/\/residenciavirgendelvalle.com\/index.php\/wp-json\/wp\/v2\/pages\/11\/revisions"}],"predecessor-version":[{"id":87,"href":"https:\/\/residenciavirgendelvalle.com\/index.php\/wp-json\/wp\/v2\/pages\/11\/revisions\/87"}],"wp:attachment":[{"href":"https:\/\/residenciavirgendelvalle.com\/index.php\/wp-json\/wp\/v2\/media?parent=11"}],"curies":[{"name":"wp","href":"https:\/\/api.w.org\/{rel}","templated":true}]}}